{"id":3845,"date":"2025-12-09T05:39:03","date_gmt":"2025-12-09T05:39:03","guid":{"rendered":"https:\/\/codeyweb.com\/railsolution\/?page_id=3845"},"modified":"2026-03-12T15:44:24","modified_gmt":"2026-03-12T15:44:24","slug":"referenzen","status":"publish","type":"page","link":"https:\/\/codeyweb.com\/railsolution\/referenzen\/","title":{"rendered":"referenzen"},"content":{"rendered":"\t\t<div data-elementor-type=\"wp-page\" data-elementor-id=\"3845\" class=\"elementor elementor-3845\">\n\t\t\t\t<div class=\"elementor-element elementor-element-e32ab82 e-flex e-con-boxed e-con e-parent\" data-id=\"e32ab82\" data-element_type=\"container\" data-e-type=\"container\" data-settings=\"{&quot;background_background&quot;:&quot;classic&quot;}\">\n\t\t\t\t\t<div class=\"e-con-inner\">\n\t\t<div class=\"elementor-element elementor-element-4bc0858 e-con-full e-flex e-con e-child\" data-id=\"4bc0858\" data-element_type=\"container\" data-e-type=\"container\">\n\t\t\t\t<div class=\"elementor-element elementor-element-c75d1ed elementor-widget elementor-widget-page-title\" data-id=\"c75d1ed\" data-element_type=\"widget\" data-e-type=\"widget\" data-settings=\"{&quot;align&quot;:&quot;center&quot;}\" data-widget_type=\"page-title.default\">\n\t\t\t\t<div class=\"elementor-widget-container\">\n\t\t\t\t\t\t\t\n\t\t<div class=\"hfe-page-title hfe-page-title-wrapper elementor-widget-heading\">\n\n\t\t\t\t\t\t\t\t\t\t\t<a href=\"https:\/\/codeyweb.com\/railsolution\">\n\t\t\t\t\t\t<h1 class=\"elementor-heading-title elementor-size-default\">\n\t\t\t\t\t\t\t\t\n\t\t\t\treferenzen  \n\t\t\t<\/h1 > \n\t\t\t\t\t\t\t\t\t<\/a>\n\t\t\t\t\t<\/div>\n\t\t\t\t\t\t<\/div>\n\t\t\t\t<\/div>\n\t\t\t\t<\/div>\n\t\t\t\t\t<\/div>\n\t\t\t\t<\/div>\n\t\t<div class=\"elementor-element elementor-element-3ac9f2b e-flex e-con-boxed e-con e-parent\" data-id=\"3ac9f2b\" data-element_type=\"container\" data-e-type=\"container\" data-settings=\"{&quot;background_background&quot;:&quot;classic&quot;}\">\n\t\t\t\t\t<div class=\"e-con-inner\">\n\t\t<div class=\"elementor-element elementor-element-6057d8b e-con-full e-flex e-con e-child\" data-id=\"6057d8b\" data-element_type=\"container\" data-e-type=\"container\">\n\t\t\t\t<div class=\"elementor-element elementor-element-fadc0d4 elementor-widget elementor-widget-heading\" data-id=\"fadc0d4\" data-element_type=\"widget\" data-e-type=\"widget\" data-widget_type=\"heading.default\">\n\t\t\t\t<div class=\"elementor-widget-container\">\n\t\t\t\t\t<h2 class=\"elementor-heading-title elementor-size-default\">Was wir bieten \n<\/h2>\t\t\t\t<\/div>\n\t\t\t\t<\/div>\n\t\t\t\t<div class=\"elementor-element elementor-element-c800eca elementor-widget elementor-widget-heading\" data-id=\"c800eca\" data-element_type=\"widget\" data-e-type=\"widget\" data-widget_type=\"heading.default\">\n\t\t\t\t<div class=\"elementor-widget-container\">\n\t\t\t\t\t<h2 class=\"elementor-heading-title elementor-size-default\">Pers\u00f6nlich. Pr\u00e4zise. Verl\u00e4sslich.<\/h2>\t\t\t\t<\/div>\n\t\t\t\t<\/div>\n\t\t\t\t<div class=\"elementor-element elementor-element-84aff56 elementor-widget elementor-widget-text-editor\" data-id=\"84aff56\" data-element_type=\"widget\" data-e-type=\"widget\" data-widget_type=\"text-editor.default\">\n\t\t\t\t<div class=\"elementor-widget-container\">\n\t\t\t\t\t\t\t\t\t<section id=\"comp-m0nprjwd4\" class=\"Oqnisf comp-m0nprjwd4 wixui-section\" tabindex=\"-1\" data-block-level-container=\"ClassicSection\"><div class=\"\" data-mesh-id=\"comp-m0nprjwd4inlineContent\" data-testid=\"inline-content\"><div data-mesh-id=\"comp-m0nprjwd4inlineContent-gridContainer\" data-testid=\"mesh-container-content\"><div id=\"comp-kybmbm59\" class=\"Z_l5lU ku3DBC zQ9jDz qvSjx3 Vq6kJx comp-kybmbm59 wixui-rich-text\" data-testid=\"richTextElement\"><p class=\"font_7 wixui-rich-text__text\">Wir stehen f\u00fcr individuelle Betreuung, kurze Entscheidungswege und h\u00f6chste technische Qualit\u00e4t \u2013 insbesondere, wenn es komplex wird.<br \/>Mit fundiertem Know-how und echter Leidenschaft f\u00fchren wir anspruchsvolle Projekte effizient, terminsicher und zuverl\u00e4ssig zum Erfolg.<\/p><\/div><\/div><\/div><\/section>\t\t\t\t\t\t\t\t<\/div>\n\t\t\t\t<\/div>\n\t\t\t\t<\/div>\n\t\t<div class=\"elementor-element elementor-element-7f69545 e-con-full e-flex e-con e-child\" data-id=\"7f69545\" data-element_type=\"container\" data-e-type=\"container\" data-settings=\"{&quot;background_background&quot;:&quot;classic&quot;}\">\n\t\t\t\t<div class=\"elementor-element elementor-element-7f49a5a elementor-widget elementor-widget-image\" data-id=\"7f49a5a\" data-element_type=\"widget\" data-e-type=\"widget\" data-widget_type=\"image.default\">\n\t\t\t\t<div class=\"elementor-widget-container\">\n\t\t\t\t\t\t\t\t\t\t\t\t\t\t\t<img fetchpriority=\"high\" decoding=\"async\" width=\"800\" height=\"534\" src=\"https:\/\/codeyweb.com\/railsolution\/wp-content\/uploads\/2026\/01\/alles-aus-einer-Hand-1024x683.png\" class=\"attachment-large size-large wp-image-4384\" alt=\"\" srcset=\"https:\/\/codeyweb.com\/railsolution\/wp-content\/uploads\/2026\/01\/alles-aus-einer-Hand-1024x683.png 1024w, https:\/\/codeyweb.com\/railsolution\/wp-content\/uploads\/2026\/01\/alles-aus-einer-Hand-300x200.png 300w, https:\/\/codeyweb.com\/railsolution\/wp-content\/uploads\/2026\/01\/alles-aus-einer-Hand-768x512.png 768w, https:\/\/codeyweb.com\/railsolution\/wp-content\/uploads\/2026\/01\/alles-aus-einer-Hand.png 1536w\" sizes=\"(max-width: 800px) 100vw, 800px\" \/>\t\t\t\t\t\t\t\t\t\t\t\t\t\t\t<\/div>\n\t\t\t\t<\/div>\n\t\t\t\t<\/div>\n\t\t\t\t\t<\/div>\n\t\t\t\t<\/div>\n\t\t\t\t<\/div>\n\t\t","protected":false},"excerpt":{"rendered":"<p>referenzen Was wir bieten Pers\u00f6nlich. Pr\u00e4zise. Verl\u00e4sslich. Wir stehen f\u00fcr individuelle Betreuung, kurze Entscheidungswege und h\u00f6chste technische Qualit\u00e4t \u2013 insbesondere, wenn es komplex wird.Mit fundiertem Know-how und echter Leidenschaft f\u00fchren wir anspruchsvolle Projekte effizient, terminsicher und zuverl\u00e4ssig zum Erfolg.<\/p>\n","protected":false},"author":1,"featured_media":0,"parent":0,"menu_order":0,"comment_status":"closed","ping_status":"closed","template":"","meta":{"footnotes":""},"class_list":["post-3845","page","type-page","status-publish","hentry"],"_links":{"self":[{"href":"https:\/\/codeyweb.com\/railsolution\/wp-json\/wp\/v2\/pages\/3845","targetHints":{"allow":["GET"]}}],"collection":[{"href":"https:\/\/codeyweb.com\/railsolution\/wp-json\/wp\/v2\/pages"}],"about":[{"href":"https:\/\/codeyweb.com\/railsolution\/wp-json\/wp\/v2\/types\/page"}],"author":[{"embeddable":true,"href":"https:\/\/codeyweb.com\/railsolution\/wp-json\/wp\/v2\/users\/1"}],"replies":[{"embeddable":true,"href":"https:\/\/codeyweb.com\/railsolution\/wp-json\/wp\/v2\/comments?post=3845"}],"version-history":[{"count":34,"href":"https:\/\/codeyweb.com\/railsolution\/wp-json\/wp\/v2\/pages\/3845\/revisions"}],"predecessor-version":[{"id":5437,"href":"https:\/\/codeyweb.com\/railsolution\/wp-json\/wp\/v2\/pages\/3845\/revisions\/5437"}],"wp:attachment":[{"href":"https:\/\/codeyweb.com\/railsolution\/wp-json\/wp\/v2\/media?parent=3845"}],"curies":[{"name":"wp","href":"https:\/\/api.w.org\/{rel}","templated":true}]}}