{"id":4517,"date":"2026-01-16T13:09:47","date_gmt":"2026-01-16T13:09:47","guid":{"rendered":"https:\/\/codeyweb.com\/railsolution\/?page_id=4517"},"modified":"2026-03-12T15:47:58","modified_gmt":"2026-03-12T15:47:58","slug":"datenschutz","status":"publish","type":"page","link":"https:\/\/codeyweb.com\/railsolution\/datenschutz\/","title":{"rendered":"Datenschutz"},"content":{"rendered":"\t\t<div data-elementor-type=\"wp-page\" data-elementor-id=\"4517\" class=\"elementor elementor-4517\">\n\t\t\t\t<div class=\"elementor-element elementor-element-3905148 e-flex e-con-boxed e-con e-parent\" data-id=\"3905148\" data-element_type=\"container\" data-e-type=\"container\" data-settings=\"{&quot;background_background&quot;:&quot;classic&quot;}\">\n\t\t\t\t\t<div class=\"e-con-inner\">\n\t\t<div class=\"elementor-element elementor-element-142c156 e-con-full e-flex e-con e-child\" data-id=\"142c156\" data-element_type=\"container\" data-e-type=\"container\">\n\t\t\t\t<div class=\"elementor-element elementor-element-7630ccb elementor-widget elementor-widget-page-title\" data-id=\"7630ccb\" data-element_type=\"widget\" data-e-type=\"widget\" data-settings=\"{&quot;align&quot;:&quot;center&quot;}\" data-widget_type=\"page-title.default\">\n\t\t\t\t<div class=\"elementor-widget-container\">\n\t\t\t\t\t\t\t\n\t\t<div class=\"hfe-page-title hfe-page-title-wrapper elementor-widget-heading\">\n\n\t\t\t\t\t\t\t\t\t\t\t<a href=\"https:\/\/codeyweb.com\/railsolution\">\n\t\t\t\t\t\t<h1 class=\"elementor-heading-title elementor-size-default\">\n\t\t\t\t\t\t\t\t\n\t\t\t\tDatenschutz  \n\t\t\t<\/h1 > \n\t\t\t\t\t\t\t\t\t<\/a>\n\t\t\t\t\t<\/div>\n\t\t\t\t\t\t<\/div>\n\t\t\t\t<\/div>\n\t\t\t\t<\/div>\n\t\t\t\t\t<\/div>\n\t\t\t\t<\/div>\n\t\t<div class=\"elementor-element elementor-element-6025d88 e-flex e-con-boxed e-con e-parent\" data-id=\"6025d88\" data-element_type=\"container\" data-e-type=\"container\" data-settings=\"{&quot;background_background&quot;:&quot;classic&quot;}\">\n\t\t\t\t\t<div class=\"e-con-inner\">\n\t\t<div class=\"elementor-element elementor-element-fb6d9c8 e-con-full e-flex e-con e-child\" data-id=\"fb6d9c8\" data-element_type=\"container\" data-e-type=\"container\">\n\t\t\t\t<div class=\"elementor-element elementor-element-a4e8633 elementor-widget elementor-widget-text-editor\" data-id=\"a4e8633\" data-element_type=\"widget\" data-e-type=\"widget\" data-widget_type=\"text-editor.default\">\n\t\t\t\t<div class=\"elementor-widget-container\">\n\t\t\t\t\t\t\t\t\t<p class=\"jw-heading-70\"><span style=\"color: #ffffff;\"><strong><span dir=\"auto\" style=\"vertical-align: inherit;\"><span dir=\"auto\" style=\"vertical-align: inherit;\">Verantwortlicher im Sinne der DSGVO<\/span><\/span><\/strong><\/span><\/p><p class=\"elementor-heading-title elementor-size-default\"><span dir=\"auto\" style=\"vertical-align: inherit; color: #ffffff;\"><span dir=\"auto\" style=\"vertical-align: inherit;\">KF InfraSystems GmbH<\/span><\/span><\/p><p><span dir=\"auto\" style=\"vertical-align: inherit; color: #ffffff;\"><span dir=\"auto\" style=\"vertical-align: inherit;\">Hauptstra\u00dfe 26, 52445 Titz<\/span><\/span><\/p><p><span dir=\"auto\" style=\"vertical-align: inherit; color: #ffffff;\"><span dir=\"auto\" style=\"vertical-align: inherit;\">Rufen Sie jetzt an: +49 0176\/977 111 35<\/span><\/span><\/p><p><span style=\"color: #ffffff;\"><span dir=\"auto\" style=\"vertical-align: inherit;\"><span dir=\"auto\" style=\"vertical-align: inherit;\">E-mail: <\/span><\/span><a style=\"color: #ffffff;\" href=\"mailto:info@kf-infra.de\"><span dir=\"auto\" style=\"vertical-align: inherit;\"><span dir=\"auto\" style=\"vertical-align: inherit;\">info@kf-infra.de<\/span><\/span><\/a><\/span><\/p>\t\t\t\t\t\t\t\t<\/div>\n\t\t\t\t<\/div>\n\t\t\t\t<div class=\"elementor-element elementor-element-885005d elementor-widget elementor-widget-text-editor\" data-id=\"885005d\" data-element_type=\"widget\" data-e-type=\"widget\" data-widget_type=\"text-editor.default\">\n\t\t\t\t<div class=\"elementor-widget-container\">\n\t\t\t\t\t\t\t\t\t<h3 class=\"jw-heading-70\"><strong>1. Allgemeine Hinweise<\/strong><\/h3><p>Der Schutz Ihrer pers\u00f6nlichen Daten ist uns ein besonderes Anliegen. Wir behandeln Ihre personenbezogenen Daten vertraulich und entsprechend der gesetzlichen Datenschutzvorschriften sowie dieser Datenschutzerkl\u00e4rung.<\/p>\t\t\t\t\t\t\t\t<\/div>\n\t\t\t\t<\/div>\n\t\t\t\t<div class=\"elementor-element elementor-element-8a4cf22 elementor-widget elementor-widget-text-editor\" data-id=\"8a4cf22\" data-element_type=\"widget\" data-e-type=\"widget\" data-widget_type=\"text-editor.default\">\n\t\t\t\t<div class=\"elementor-widget-container\">\n\t\t\t\t\t\t\t\t\t<h3 class=\"jw-heading-70\"><strong>2. Erfassung und Speicherung personenbezogener Daten, sowie Art und Zweck von deren Verwendung<\/strong><\/h3><h3 class=\"jw-heading-70\">a) Beim Besuch der Website<\/h3><p>Beim Aufrufen unserer Webseite www.kf-infra.de werden durch den auf Ihrem Endger\u00e4t zum Einsatz kommenden Browser automatisch Informationen an den Server unserer Website gesendet. Diese Informationen werden tempor\u00e4r in einem sog. Logfile gespeichert. Folgende Informationen werden dabei ohne Ihr Zutun erfasst und bis zur automatisierten L\u00f6schung gespeichert:<\/p><p>&#8211; IP-Adresse des anfragenden Rechners,<br \/>&#8211; Datum und Uhrzeit des Zugriffs,<br \/>&#8211; Name und URL der abgerufenen Datei,<br \/>&#8211; Website, von der aus der Zugriff erfolgt (Referrer-URL),<br \/>&#8211; verwendeter Browser und ggf. das Betriebssystem Ihres Rechners sowie der Name Ihres Access-Providers.<\/p><p>Die genannten Daten werden durch uns zu folgenden Zwecken verarbeitet:<\/p><p>&#8211; Gew\u00e4hrleistung eines reibungslosen Verbindungsaufbaus der Website,<br \/>&#8211; Gew\u00e4hrleistung einer komfortablen Nutzung unserer Website,<br \/>&#8211; Auswertung der Systemsicherheit und -stabilit\u00e4t sowie<br \/>&#8211; zu weiteren administrativen Zwecken.<\/p><p>Die Rechtsgrundlage f\u00fcr die Datenverarbeitung ist Art. 6 Abs. 1 S. 1 lit. f DSGVO. Unser berechtigtes Interesse folgt aus oben aufgelisteten Zwecken zur Datenerhebung. In keinem Fall verwenden wir die erhobenen Daten zu dem Zweck, R\u00fcckschl\u00fcsse auf Ihre Person zu ziehen.<\/p><h3 class=\"jw-heading-70\">b) Bei Nutzung unseres Kontaktformulars<\/h3><p>Bei Fragen jeglicher Art bieten wir Ihnen die M\u00f6glichkeit, mit uns \u00fcber ein auf der Website bereitgestelltes Formular Kontakt aufzunehmen. Dabei ist die Angabe einer g\u00fcltigen E-Mail-Adresse erforderlich, damit wir wissen, von wem die Anfrage stammt und um diese beantworten zu k\u00f6nnen. Weitere Angaben k\u00f6nnen freiwillig get\u00e4tigt werden.<\/p><p>Die Datenverarbeitung zum Zwecke der Kontaktaufnahme mit uns erfolgt nach Art. 6 Abs. 1 S. 1 lit. a DSGVO auf Grundlage Ihrer freiwillig erteilten Einwilligung.<\/p><p>Die f\u00fcr die Benutzung des Kontaktformulars von uns erhobenen personenbezogenen Daten werden nach Erledigung der von Ihnen gestellten Anfrage automatisch gel\u00f6scht.<\/p><h3 class=\"jw-heading-70\"><span class=\"\">c)\u00a0<\/span>Nutzung von Mapbox<\/h3><p>Unsere Website\/App verwendet die Kartendienste von Mapbox, bereitgestellt von Mapbox Inc., 740 15th Street NW, 5th Floor, Washington, District of Columbia 20005, USA.<\/p><h3 class=\"jw-heading-70\"><span class=\"\">Art und Umfang der Datenverarbeitung<\/span><\/h3><p>Wenn Sie eine Seite aufrufen, die Mapbox-Dienste nutzt, werden Informationen \u00fcber Ihre Nutzung der Karten und \u00fcber die von Ihnen verwendeten Ger\u00e4te an Mapbox \u00fcbermittelt. Dies k\u00f6nnen folgende Daten umfassen:<\/p><ul><li><strong>Standortdaten:<\/strong>\u00a0GPS-Standorte, IP-Adressen, WLAN-Zugangspunkte und andere standortbezogene Informationen.<\/li><li><strong>Nutzungsdaten:<\/strong>\u00a0Informationen dar\u00fcber, wie Sie die Karten verwenden, einschlie\u00dflich der angezeigten Karten, durchgef\u00fchrten Suchanfragen und Interaktionen mit den Karten.<\/li><li><strong>Ger\u00e4teinformationen:<\/strong>\u00a0Informationen \u00fcber das von Ihnen verwendete Ger\u00e4t, einschlie\u00dflich Ger\u00e4tetyp, Betriebssystem, Browsertyp und andere technische Daten.<\/li><li><strong>Protokolldaten:<\/strong>\u00a0Daten, die automatisch von den Mapbox-Servern erfasst werden, wie IP-Adressen, Browsertyp, Internetdienstanbieter (ISP), Verweis-\/Ausstiegsseiten, Datum\/Uhrzeit-Stempel und Clickstream-Daten.<\/li><\/ul><h3 class=\"jw-heading-70\"><span class=\"\">Zweck der Datenverarbeitung<\/span><\/h3><p>Die erhobenen Daten werden von Mapbox verwendet, um die Kartendienste bereitzustellen, zu verbessern und zu personalisieren. Dar\u00fcber hinaus k\u00f6nnen die Daten f\u00fcr Analyse- und Forschungszwecke verwendet werden, um die Dienste weiterzuentwickeln und die Nutzererfahrung zu verbessern.<\/p><h3 class=\"jw-heading-70\"><span class=\"\">Rechtsgrundlage<\/span><\/h3><p>Die Nutzung der Mapbox-Dienste erfolgt auf Grundlage unserer berechtigten Interessen (Art. 6 Abs. 1 lit. f DSGVO), n\u00e4mlich dem Interesse an einer ansprechenden Darstellung unserer Online-Angebote sowie der leichten Auffindbarkeit der von uns auf der Website angegebenen Orte.<\/p><h3 class=\"jw-heading-70\"><span class=\"\">Speicherung und \u00dcbermittlung von Daten<\/span><\/h3><p>Die von Mapbox erfassten Daten werden in der Regel an Server von Mapbox in den USA \u00fcbertragen und dort gespeichert. Mapbox hat sich dem EU-US Privacy Shield unterworfen, um ein angemessenes Datenschutzniveau zu gew\u00e4hrleisten.<\/p><h3 class=\"jw-heading-70\"><span class=\"\">Weitere Informationen und Opt-Out<\/span><\/h3><p>Weitere Informationen zur Datenerfassung und -verarbeitung durch Mapbox finden Sie in der Datenschutzerkl\u00e4rung von Mapbox:\u00a0<a target=\"_new\" rel=\"noreferrer\">Mapbox Datenschutzrichtlinie<\/a>.<\/p><p>Wenn Sie nicht m\u00f6chten, dass Mapbox Daten \u00fcber Ihre Nutzung unserer Website sammelt, k\u00f6nnen Sie die Nutzung von Cookies in Ihrem Browser deaktivieren. Dies kann jedoch die Funktionalit\u00e4t unserer Website beeintr\u00e4chtigen.<\/p>\t\t\t\t\t\t\t\t<\/div>\n\t\t\t\t<\/div>\n\t\t\t\t<div class=\"elementor-element elementor-element-3e0e341 elementor-widget elementor-widget-text-editor\" data-id=\"3e0e341\" data-element_type=\"widget\" data-e-type=\"widget\" data-widget_type=\"text-editor.default\">\n\t\t\t\t<div class=\"elementor-widget-container\">\n\t\t\t\t\t\t\t\t\t<h3 class=\"jw-heading-70\"><strong>3. Nutzung personenbezogener Daten<\/strong><\/h3><p>Personenbezogene Daten werden nur dann erhoben, wenn Sie uns diese im Rahmen einer Anfrage oder Registrierung freiwillig mitteilen. Diese Daten verwenden wir ausschlie\u00dflich zur Bearbeitung Ihrer Anfragen oder zur Erf\u00fcllung und Abwicklung von Vertr\u00e4gen.<\/p>\t\t\t\t\t\t\t\t<\/div>\n\t\t\t\t<\/div>\n\t\t\t\t<div class=\"elementor-element elementor-element-d572f5e elementor-widget elementor-widget-text-editor\" data-id=\"d572f5e\" data-element_type=\"widget\" data-e-type=\"widget\" data-widget_type=\"text-editor.default\">\n\t\t\t\t<div class=\"elementor-widget-container\">\n\t\t\t\t\t\t\t\t\t<h3 class=\"jw-heading-70\"><strong>4. Weitergabe personenbezogener Daten<\/strong><\/h3><p>Eine \u00dcbermittlung Ihrer pers\u00f6nlichen Daten an Dritte erfolgt nur, wenn:<\/p><ul><li>Sie Ihre ausdr\u00fcckliche Einwilligung dazu erteilt haben,<\/li><li>die Verarbeitung zur Abwicklung eines Vertrags mit Ihnen erforderlich ist,<\/li><li>die Verarbeitung zur Erf\u00fcllung einer rechtlichen Verpflichtung erforderlich ist,<\/li><li>die Verarbeitung zur Wahrung berechtigter Interessen erforderlich ist und kein Grund zur Annahme besteht, dass Sie ein \u00fcberwiegendes schutzw\u00fcrdiges Interesse an der Nichtweitergabe Ihrer Daten haben.<\/li><\/ul>\t\t\t\t\t\t\t\t<\/div>\n\t\t\t\t<\/div>\n\t\t\t\t<div class=\"elementor-element elementor-element-c725f06 elementor-widget elementor-widget-text-editor\" data-id=\"c725f06\" data-element_type=\"widget\" data-e-type=\"widget\" data-widget_type=\"text-editor.default\">\n\t\t\t\t<div class=\"elementor-widget-container\">\n\t\t\t\t\t\t\t\t\t<h3 class=\"jw-heading-70\"><strong>6. Datensicherheit<\/strong><\/h3><p>Wir verwenden innerhalb des Website-Besuchs das verbreitete SSL-Verfahren (Secure Socket Layer) in Verbindung mit der jeweils h\u00f6chsten Verschl\u00fcsselungsstufe, die von Ihrem Browser unterst\u00fctzt wird.<\/p>\t\t\t\t\t\t\t\t<\/div>\n\t\t\t\t<\/div>\n\t\t\t\t<div class=\"elementor-element elementor-element-1f2e735 elementor-widget elementor-widget-text-editor\" data-id=\"1f2e735\" data-element_type=\"widget\" data-e-type=\"widget\" data-widget_type=\"text-editor.default\">\n\t\t\t\t<div class=\"elementor-widget-container\">\n\t\t\t\t\t\t\t\t\t<div class=\"main-content\"><main id=\"main-content\" class=\"block-content\"><\/main><div class=\"jw-section jw-section-content jw-responsive\" data-section-name=\"content\"><div class=\"jw-block-element\"><div id=\"jw-element-367885757\" class=\"jw-tree-node jw-element jw-strip-root jw-tree-container jw-responsive jw-node-is-first-child jw-node-is-last-child\" data-jw-element-id=\"367885757\"><div id=\"jw-element-367885758\" class=\"jw-tree-node jw-element jw-strip jw-tree-container jw-responsive jw-strip--default jw-strip--style-color jw-strip--color-shaded jw-strip--padding-both jw-node-is-last-child\" data-jw-element-id=\"367885758\"><div class=\"jw-strip__content-container\"><div class=\"jw-strip__content jw-responsive\"><div id=\"jw-element-367885763\" class=\"jw-tree-node jw-element jw-image-text jw-node-is-first-child\" data-jw-element-id=\"367885763\"><div class=\"jw-element-imagetext-text\"><h3 class=\"jw-heading-70\"><strong>7. Aktualit\u00e4t und \u00c4nderung dieser Datenschutzerkl\u00e4rung<\/strong><\/h3><p>Diese Datenschutzerkl\u00e4rung ist aktuell g\u00fcltig und hat den Stand Juli 2024. Durch die Weiterentwicklung unserer Website und Angebote dar\u00fcber oder aufgrund ge\u00e4nderter gesetzlicher bzw. beh\u00f6rdlicher Vorgaben kann es notwendig werden, diese Datenschutzerkl\u00e4rung zu \u00e4ndern.<\/p><\/div><\/div><\/div><\/div><\/div><\/div><\/div><\/div><\/div>\t\t\t\t\t\t\t\t<\/div>\n\t\t\t\t<\/div>\n\t\t\t\t<div class=\"elementor-element elementor-element-0ffd114 elementor-widget elementor-widget-button\" data-id=\"0ffd114\" data-element_type=\"widget\" data-e-type=\"widget\" data-widget_type=\"button.default\">\n\t\t\t\t<div class=\"elementor-widget-container\">\n\t\t\t\t\t\t\t\t\t<div class=\"elementor-button-wrapper\">\n\t\t\t\t\t<a class=\"elementor-button elementor-button-link elementor-size-sm\" href=\"https:\/\/codeyweb.com\/railsolution\/kontakt\/\">\n\t\t\t\t\t\t<span class=\"elementor-button-content-wrapper\">\n\t\t\t\t\t\t\t\t\t<span class=\"elementor-button-text\"> Get in touch now<\/span>\n\t\t\t\t\t<\/span>\n\t\t\t\t\t<\/a>\n\t\t\t\t<\/div>\n\t\t\t\t\t\t\t\t<\/div>\n\t\t\t\t<\/div>\n\t\t\t\t<\/div>\n\t\t<div class=\"elementor-element elementor-element-d048e81 e-con-full e-flex e-con e-child\" data-id=\"d048e81\" data-element_type=\"container\" data-e-type=\"container\">\n\t\t\t\t<\/div>\n\t\t\t\t\t<\/div>\n\t\t\t\t<\/div>\n\t\t\t\t<\/div>\n\t\t","protected":false},"excerpt":{"rendered":"<p>Datenschutz Verantwortlicher im Sinne der DSGVO KF InfraSystems GmbH Hauptstra\u00dfe 26, 52445 Titz Rufen Sie jetzt an: +49 0176\/977 111 35 E-mail: info@kf-infra.de 1. Allgemeine Hinweise Der Schutz Ihrer pers\u00f6nlichen Daten ist uns ein besonderes Anliegen. Wir behandeln Ihre personenbezogenen Daten vertraulich und entsprechend der gesetzlichen Datenschutzvorschriften sowie dieser Datenschutzerkl\u00e4rung. 2. Erfassung und Speicherung personenbezogener [&hellip;]<\/p>\n","protected":false},"author":2,"featured_media":0,"parent":0,"menu_order":0,"comment_status":"closed","ping_status":"closed","template":"","meta":{"footnotes":""},"class_list":["post-4517","page","type-page","status-publish","hentry"],"_links":{"self":[{"href":"https:\/\/codeyweb.com\/railsolution\/wp-json\/wp\/v2\/pages\/4517","targetHints":{"allow":["GET"]}}],"collection":[{"href":"https:\/\/codeyweb.com\/railsolution\/wp-json\/wp\/v2\/pages"}],"about":[{"href":"https:\/\/codeyweb.com\/railsolution\/wp-json\/wp\/v2\/types\/page"}],"author":[{"embeddable":true,"href":"https:\/\/codeyweb.com\/railsolution\/wp-json\/wp\/v2\/users\/2"}],"replies":[{"embeddable":true,"href":"https:\/\/codeyweb.com\/railsolution\/wp-json\/wp\/v2\/comments?post=4517"}],"version-history":[{"count":58,"href":"https:\/\/codeyweb.com\/railsolution\/wp-json\/wp\/v2\/pages\/4517\/revisions"}],"predecessor-version":[{"id":5455,"href":"https:\/\/codeyweb.com\/railsolution\/wp-json\/wp\/v2\/pages\/4517\/revisions\/5455"}],"wp:attachment":[{"href":"https:\/\/codeyweb.com\/railsolution\/wp-json\/wp\/v2\/media?parent=4517"}],"curies":[{"name":"wp","href":"https:\/\/api.w.org\/{rel}","templated":true}]}}